{"id":3,"date":"2023-12-02T10:59:16","date_gmt":"2023-12-02T09:59:16","guid":{"rendered":"http:\/\/endor.localhost\/?page_id=3"},"modified":"2024-07-18T08:02:24","modified_gmt":"2024-07-18T06:02:24","slug":"privacy-policy","status":"publish","type":"page","link":"https:\/\/www.endor-revived.com\/zh\/privacy-policy\/","title":{"rendered":"\u96b1\u79c1\u6b0a\u653f\u7b56","raw":"\u96b1\u79c1\u6b0a\u653f\u7b56"},"content":{"rendered":"\n<h2 class=\"wp-block-heading\"><\/h2>\n","protected":false,"raw":"<!-- wp:heading -->\n<h2 class=\"wp-block-heading\"><\/h2>\n<!-- \/wp:heading -->"},"excerpt":{"rendered":"","protected":false,"raw":""},"author":1,"featured_media":0,"parent":0,"menu_order":0,"comment_status":"closed","ping_status":"open","template":"","meta":{"_cs_post_content":"<!-- wp:heading -->\n<h2 class=\"wp-block-heading\">Kdo jsme<\/h2>\n<!-- \/wp:heading -->\n\n<!-- wp:paragraph -->\n<p>Na\u0161e webov\u00e1 adresa je: https:\/\/www.endor-revived.com<\/p>\n<!-- \/wp:paragraph -->\n\n<!-- wp:heading -->\n<h2 class=\"wp-block-heading\">Koment\u00e1\u0159e<\/h2>\n<!-- \/wp:heading -->\n\n<!-- wp:paragraph -->\n<p>Kdy\u017e n\u00e1v\u0161t\u011bvn\u00edci p\u0159idaj\u00ed koment\u00e1\u0159 na tento web, jsou shroma\u017e\u010fov\u00e1ny \u00fadaje zobrazen\u00e9 ve formul\u00e1\u0159i pro koment\u00e1\u0159, d\u00e1le IP adresa n\u00e1v\u0161t\u011bvn\u00edka a \u0159et\u011bzec user agent definuj\u00edc\u00ed prohl\u00ed\u017ee\u010d, co\u017e pom\u00e1h\u00e1 k detekci spamu.<\/p>\n<!-- \/wp:paragraph -->\n\n<!-- wp:heading -->\n<h2 class=\"wp-block-heading\">Ve h\u0159e<\/h2>\n<!-- \/wp:heading -->\n\n<!-- wp:paragraph -->\n<p>P\u0159ipojen\u00edm do na\u0161\u00ed MMO hry p\u0159es hern\u00edho klienta sb\u00edr\u00e1me data pot\u0159ebn\u00e1 pro provoz hry. Tato data zahrnuj\u00ed mimo jin\u00e9 va\u0161i IP adresu, hern\u00ed aktivitu a informace poskytnut\u00e9 b\u011bhem vytv\u00e1\u0159en\u00ed \u00fa\u010dtu. Uji\u0161\u0165ujeme v\u00e1s, \u017ee tato data jsou sd\u00edlena pouze v r\u00e1mci administr\u00e1torsk\u00e9ho t\u00fdmu, kter\u00fd se o hru star\u00e1. N\u00e1\u0161 t\u00fdm bere ochranu osobn\u00edch \u00fadaj\u016f v\u00e1\u017en\u011b a zav\u00e1d\u00ed p\u0159\u00edsn\u00e1 opat\u0159en\u00ed k zaji\u0161t\u011bn\u00ed bezpe\u010dnosti va\u0161ich informac\u00ed, kter\u00e9 jsou pou\u017e\u00edv\u00e1ny v\u00fdhradn\u011b za \u00fa\u010delem zlep\u0161en\u00ed va\u0161eho hern\u00edho z\u00e1\u017eitku a zaji\u0161t\u011bn\u00ed bezprobl\u00e9mov\u00e9ho chodu hry.<\/p>\n<!-- \/wp:paragraph -->\n\n<!-- wp:heading -->\n<h2 class=\"wp-block-heading\">M\u00e9dia<\/h2>\n<!-- \/wp:heading -->\n\n<!-- wp:paragraph -->\n<p>Pokud nahr\u00e1v\u00e1te obr\u00e1zky na tento web, m\u011bli byste se vyhnout nahr\u00e1v\u00e1n\u00ed obr\u00e1zk\u016f s vlo\u017een\u00fdmi \u00fadaji o poloze (EXIF GPS). N\u00e1v\u0161t\u011bvn\u00edci webu mohou st\u00e1hnout a zobrazit libovoln\u00e9 data o poloze z obr\u00e1zk\u016f na webu.<\/p>\n<!-- \/wp:paragraph -->\n\n<!-- wp:heading -->\n<h2 class=\"wp-block-heading\">Cookies<\/h2>\n<!-- \/wp:heading -->\n\n<!-- wp:paragraph -->\n<p>Pokud na na\u0161e str\u00e1nky p\u0159id\u00e1te koment\u00e1\u0159, m\u016f\u017eete povolit ulo\u017een\u00ed jm\u00e9na, e-mailov\u00e9 adresy a webov\u00e9 str\u00e1nky do cookies. T\u00edmto zp\u016fsobem se sna\u017e\u00edme zv\u00fd\u0161it v\u00e1\u0161 komfort, kdy\u017e budete ps\u00e1t nov\u00fd koment\u00e1\u0159 u\u017e pak nebudete muset tyto \u00fadaje znovu vypl\u0148ovat. Tyto soubory cookies budou m\u00edt \u017eivotnost jeden rok.<\/p>\n<!-- \/wp:paragraph -->\n\n<!-- wp:paragraph -->\n<p>Pokud nav\u0161t\u00edv\u00edte na\u0161i p\u0159ihla\u0161ovac\u00ed str\u00e1nku, nastav\u00edme do\u010dasn\u00e9 cookies pro ov\u011b\u0159en\u00ed, zda v\u00e1\u0161 prohl\u00ed\u017ee\u010d p\u0159ij\u00edm\u00e1 soubory cookies. Tento soubor cookies neobsahuje \u017e\u00e1dn\u00e1 osobn\u00ed data a p\u0159i zav\u0159en\u00ed prohl\u00ed\u017ee\u010de se zru\u0161\u00ed.<\/p>\n<!-- \/wp:paragraph -->\n\n<!-- wp:paragraph -->\n<p>P\u0159i p\u0159ihla\u0161ov\u00e1n\u00ed v\u00e1m nastav\u00edme tak\u00e9 n\u011bkolik soubor\u016f cookies pro ulo\u017een\u00ed va\u0161ich p\u0159ihla\u0161ovac\u00edch \u00fadaj\u016f a pro nastaven\u00ed zobrazen\u00ed obrazovky. P\u0159ihla\u0161ovac\u00ed soubory cookies maj\u00ed \u017eivotnost dva dny a cookies pro nastaven\u00ed zobrazen\u00ed maj\u00ed \u017eivotnost jeden rok. Pokud potvrd\u00edte mo\u017enost \u201eZapamatovat si m\u011b\u201c, va\u0161e p\u0159ihl\u00e1\u0161en\u00ed bude trvat dva t\u00fddny. Pokud se ze sv\u00e9ho \u00fa\u010dtu odhl\u00e1s\u00edte, p\u0159ihla\u0161ovac\u00ed cookies budou odstran\u011bny.<\/p>\n<!-- \/wp:paragraph -->\n\n<!-- wp:paragraph -->\n<p>Pokud upravujete nebo publikujete \u010dl\u00e1nek, bude ve va\u0161em prohl\u00ed\u017ee\u010di ulo\u017een dal\u0161\u00ed cookie. Tento cookie neobsahuje \u017e\u00e1dn\u00e1 osobn\u00ed data a jednodu\u0161e ozna\u010duje ID p\u0159\u00edsp\u011bvku, kter\u00fd jste pr\u00e1v\u011b upravili. Jeho platnost vypr\u0161\u00ed po 1 dni.<\/p>\n<!-- \/wp:paragraph -->\n\n<!-- wp:heading -->\n<h2 class=\"wp-block-heading\">Vlo\u017een\u00fd obsah z dal\u0161\u00edch web\u016f<\/h2>\n<!-- \/wp:heading -->\n\n<!-- wp:paragraph -->\n<p>P\u0159\u00edsp\u011bvky na t\u011bchto str\u00e1nk\u00e1ch mohou obsahovat vlo\u017een\u00fd obsah (nap\u0159\u00edklad videa, obr\u00e1zky, \u010dl\u00e1nky atd.). Vlo\u017een\u00fd obsah z jin\u00fdch webov\u00fdch str\u00e1nek se chov\u00e1 stejn\u00fdm zp\u016fsobem, jako kdyby n\u00e1v\u0161t\u011bvn\u00edk nav\u0161t\u00edvil jin\u00fd web.<\/p>\n<!-- \/wp:paragraph -->\n\n<!-- wp:paragraph -->\n<p>Tyto webov\u00e9 str\u00e1nky mohou shroma\u017e\u010fovat data o v\u00e1s, pou\u017e\u00edvat soubory cookies, vkl\u00e1dat dal\u0161\u00ed sledov\u00e1n\u00ed od t\u0159et\u00edch stran a sledovat va\u0161i interakci s t\u00edmto vlo\u017een\u00fdm obsahem, v\u010detn\u011b sledov\u00e1n\u00ed interakce s vlo\u017een\u00fdm obsahem, pokud m\u00e1te \u00fa\u010det a jste p\u0159ihl\u00e1\u0161eni na danou webovou str\u00e1nku.<\/p>\n<!-- \/wp:paragraph -->\n\n<!-- wp:heading -->\n<h2 class=\"wp-block-heading\">S k\u00fdm sd\u00edl\u00edme va\u0161e \u00fadaje<\/h2>\n<!-- \/wp:heading -->\n\n<!-- wp:paragraph -->\n<p>Google<\/p>\n<!-- \/wp:paragraph -->\n\n<!-- wp:heading -->\n<h2 class=\"wp-block-heading\">Jak dlouho uchov\u00e1v\u00e1me va\u0161e \u00fadaje<\/h2>\n<!-- \/wp:heading -->\n\n<!-- wp:paragraph -->\n<p>Pokud p\u0159id\u00e1te koment\u00e1\u0159, koment\u00e1\u0159 a jeho metadata budou uchov\u00e1v\u00e1na po dobu neur\u010ditou. \u00dadaje jsou uchov\u00e1v\u00e1ny za \u00fa\u010delem automatick\u00e9ho rozpozn\u00e1n\u00ed a schv\u00e1len\u00ed v\u0161ech n\u00e1sledn\u00fdch koment\u00e1\u0159\u016f, m\u00edsto jejich dr\u017een\u00ed ve front\u011b moderov\u00e1n\u00ed.<\/p>\n<!-- \/wp:paragraph -->\n\n<!-- wp:paragraph -->\n<p>Pro u\u017eivatele, kte\u0159\u00ed se registruj\u00ed na tomto webu (pokud maj\u00ed tuto mo\u017enost), ukl\u00e1d\u00e1me tak\u00e9 osobn\u00ed \u00fadaje, kter\u00e9 uv\u00e1d\u011bj\u00ed ve sv\u00e9m u\u017eivatelsk\u00e9m profilu. V\u0161ichni u\u017eivatel\u00e9 mohou kdykoliv vid\u011bt, upravovat nebo smazat sv\u00e9 osobn\u00ed \u00fadaje (s v\u00fdjimkou toho, \u017ee nemohou zm\u011bnit sv\u00e9 u\u017eivatelsk\u00e9 jm\u00e9no). Administr\u00e1to\u0159i webu mohou tak\u00e9 tyto informace zobrazit a upravovat.<\/p>\n<!-- \/wp:paragraph -->\n\n<!-- wp:heading -->\n<h2 class=\"wp-block-heading\">Jak\u00e1 m\u00e1te pr\u00e1va?<\/h2>\n<!-- \/wp:heading -->\n\n<!-- wp:paragraph -->\n<p>Pokud m\u00e1te na tomto webu \u00fa\u010det nebo jste zde p\u0159idali koment\u00e1\u0159e, m\u016f\u017eete po\u017e\u00e1dat o obdr\u017een\u00ed souboru s exportem osobn\u00edch \u00fadaj\u016f, kter\u00e9 o v\u00e1s uchov\u00e1v\u00e1me, v\u010detn\u011b v\u0161ech \u00fadaj\u016f, kter\u00e9 jste n\u00e1m poskytli. M\u016f\u017eete tak\u00e9 po\u017e\u00e1dat o odstran\u011bn\u00ed ve\u0161ker\u00fdch osobn\u00edch \u00fadaj\u016f, kter\u00e9 o v\u00e1s uchov\u00e1v\u00e1me. Tato mo\u017enost nezahrnuje \u00fadaje, kter\u00e9 jsme povinni uchov\u00e1vat z administrativn\u00edch, pr\u00e1vn\u00edch nebo bezpe\u010dnostn\u00edch d\u016fvod\u016f.<\/p>\n<!-- \/wp:paragraph -->\n\n<!-- wp:heading -->\n<h2 class=\"wp-block-heading\">Kam se pos\u00edlaj\u00ed va\u0161e data<\/h2>\n<!-- \/wp:heading -->\n\n<!-- wp:paragraph -->\n<p>Koment\u00e1\u0159e n\u00e1v\u0161t\u011bvn\u00edk\u016f mohou b\u00fdt kontrolov\u00e1ny prost\u0159ednictv\u00edm automatizovan\u00e9 slu\u017eby detekce spamu.<\/p>\n<!-- \/wp:paragraph -->","_cs_post_name":"","_cs_post_excerpt":"","_cs_post_title":"Z\u00e1sady ochrany osobn\u00edch \u00fadaj\u016f","_en_post_content":"<!-- wp:heading -->\n<h2 class=\"wp-block-heading\">Who we are<\/h2>\n<!-- \/wp:heading -->\n\n<!-- wp:paragraph -->\n<p>Our web address is: https:\/\/www.endor-revived.com<\/p>\n<!-- \/wp:paragraph -->\n\n<!-- wp:heading -->\n<h2 class=\"wp-block-heading\">Comments<\/h2>\n<!-- \/wp:heading -->\n\n<!-- wp:paragraph -->\n<p>When visitors add a comment to this website, the data displayed in the comment form, as well as the visitor's IP address and the user agent string defining the browser, are collected to help detect spam.<\/p>\n<!-- \/wp:paragraph -->\n\n<!-- wp:heading -->\n<h2 class=\"wp-block-heading\">In-game<\/h2>\n<!-- \/wp:heading -->\n\n<!-- wp:paragraph -->\n<p>By connecting to our game through the game client, we collect data necessary for the operation of the game. This data includes, but is not limited to, your IP address, game activity, and any information provided during account creation. We assure you that this data is shared only within the administrative team responsible for maintaining and managing the game. Data are used solely for the purpose of enhancing your gaming experience and ensuring the smooth running of the game.<\/p>\n<!-- \/wp:paragraph -->\n\n<!-- wp:heading -->\n<h2 class=\"wp-block-heading\">Media<\/h2>\n<!-- \/wp:heading -->\n\n<!-- wp:paragraph -->\n<p>If you upload images to this site, you should avoid uploading images with embedded location data (EXIF GPS). Website visitors can download and view any location data from images on the website.<\/p>\n<!-- \/wp:paragraph -->\n\n<!-- wp:heading -->\n<h2 class=\"wp-block-heading\">Cookies<\/h2>\n<!-- \/wp:heading -->\n\n<!-- wp:paragraph -->\n<p>If you add a comment to our site, you can allow your name, email address and website to be stored in cookies. In this way, we try to increase your comfort, when you write a new comment, you will not have to fill in this information again. These cookies will have a lifetime of one year.<\/p>\n<!-- \/wp:paragraph -->\n\n<!-- wp:paragraph -->\n<p>If you visit our login page, we will set temporary cookies to verify that your browser accepts cookies. This cookie does not contain any personal data and is deleted when you close your browser.<\/p>\n<!-- \/wp:paragraph -->\n\n<!-- wp:paragraph -->\n<p>When you log in, we will also set several cookies for you to save your login data and to set the screen display. Login cookies have a lifetime of two days and cookies for display settings have a lifetime of one year. If you confirm the \"Remember me\" option, your login will last for two weeks. If you log out of your account, the login cookies will be deleted.<\/p>\n<!-- \/wp:paragraph -->\n\n<!-- wp:paragraph -->\n<p>If you edit or publish an article, an additional cookie will be stored in your browser. This cookie does not contain any personal data and simply indicates the ID of the post you just edited. It will expire after 1 day.<\/p>\n<!-- \/wp:paragraph -->\n\n<!-- wp:heading -->\n<h2 class=\"wp-block-heading\">Embedded content from other websites<\/h2>\n<!-- \/wp:heading -->\n\n<!-- wp:paragraph -->\n<p>Posts on this site may contain embedded content (such as videos, images, articles, etc.). Embedded content from other websites behaves in the same way as if the visitor visited another website.<\/p>\n<!-- \/wp:paragraph -->\n\n<!-- wp:paragraph -->\n<p>These websites may collect data about you, use cookies, embed other third-party tracking, and track your interaction with that embedded content, including tracking your interaction with the embedded content if you have an account and are logged in to that website.<\/p>\n<!-- \/wp:paragraph -->\n\n<!-- wp:heading -->\n<h2 class=\"wp-block-heading\">Who we share your data with<\/h2>\n<!-- \/wp:heading -->\n\n<!-- wp:paragraph -->\n<p>Google (google analytics)<\/p>\n<!-- \/wp:paragraph -->\n\n<!-- wp:heading -->\n<h2 class=\"wp-block-heading\">How long we keep your data<\/h2>\n<!-- \/wp:heading -->\n\n<!-- wp:paragraph -->\n<p>If you add a comment, the comment and its metadata will be retained indefinitely. The data is kept to automatically recognize and approve all subsequent comments, rather than holding them in a moderation queue.<\/p>\n<!-- \/wp:paragraph -->\n\n<!-- wp:paragraph -->\n<p>For users who register on this site (if they have this option), we also store the personal information they provide in their user profile. All users can see, edit or delete their personal information at any time (except that they cannot change their username). Site administrators can also view and edit this information.<\/p>\n<!-- \/wp:paragraph -->\n\n<!-- wp:heading -->\n<h2 class=\"wp-block-heading\">What are your rights?<\/h2>\n<!-- \/wp:heading -->\n\n<!-- wp:paragraph -->\n<p>If you have an account or have commented on this site, you can request to receive an export file of the personal data we hold about you, including any data you have provided to us. You can also request the deletion of any personal data we hold about you. This option does not include data that we are required to retain for administrative, legal or security reasons.<\/p>\n<!-- \/wp:paragraph -->\n\n<!-- wp:heading -->\n<h2 class=\"wp-block-heading\">Where your data is sent<\/h2>\n<!-- \/wp:heading -->\n\n<!-- wp:paragraph -->\n<p>Visitor comments may be reviewed through an automated spam detection service. <\/p>\n<!-- \/wp:paragraph -->","_en_post_name":"privacy-policy","_en_post_excerpt":"","_en_post_title":"Privacy policy","_zh_post_content":"<!-- wp:heading -->\n<h2 class=\"wp-block-heading\"><\/h2>\n<!-- \/wp:heading -->","_zh_post_name":"privacy-policy","_zh_post_excerpt":"","_zh_post_title":"\u96b1\u79c1\u6b0a\u653f\u7b56","edit_language":"zh","footnotes":""},"class_list":["post-3","page","type-page","status-publish","hentry"],"_links":{"self":[{"href":"https:\/\/www.endor-revived.com\/zh\/wp-json\/wp\/v2\/pages\/3","targetHints":{"allow":["GET"]}}],"collection":[{"href":"https:\/\/www.endor-revived.com\/zh\/wp-json\/wp\/v2\/pages"}],"about":[{"href":"https:\/\/www.endor-revived.com\/zh\/wp-json\/wp\/v2\/types\/page"}],"author":[{"embeddable":true,"href":"https:\/\/www.endor-revived.com\/zh\/wp-json\/wp\/v2\/users\/1"}],"replies":[{"embeddable":true,"href":"https:\/\/www.endor-revived.com\/zh\/wp-json\/wp\/v2\/comments?post=3"}],"version-history":[{"count":11,"href":"https:\/\/www.endor-revived.com\/zh\/wp-json\/wp\/v2\/pages\/3\/revisions"}],"predecessor-version":[{"id":852,"href":"https:\/\/www.endor-revived.com\/zh\/wp-json\/wp\/v2\/pages\/3\/revisions\/852"}],"wp:attachment":[{"href":"https:\/\/www.endor-revived.com\/zh\/wp-json\/wp\/v2\/media?parent=3"}],"curies":[{"name":"wp","href":"https:\/\/api.w.org\/{rel}","templated":true}]}}