{"id":28,"date":"2023-12-03T11:44:44","date_gmt":"2023-12-03T10:44:44","guid":{"rendered":"http:\/\/endor.localhost\/register\/"},"modified":"2024-01-10T10:22:34","modified_gmt":"2024-01-10T09:22:34","slug":"registration","status":"publish","type":"page","link":"https:\/\/www.endor-revived.com\/zh\/registration\/","title":{"rendered":"\u767b\u8a18","raw":"\u767b\u8a18"},"content":{"rendered":"\n\n<div class=\"um um-register um-22\">\n\t<div class=\"um-form\" data-mode=\"register\">\n\t\t<form method=\"post\" action=\"\">\n\t\t\t<div class=\"um-row _um_row_1 \" style=\"margin: 0 0 30px 0;\"><div class=\"um-col-1\"><div  id=\"um_field_22_user_login\" class=\"um-field um-field-text  um-field-user_login um-field-text um-field-type_text\" data-key=\"user_login\"><div class=\"um-field-label\"><label for=\"user_login-22\">\u7528\u6237\u540d<span class=\"um-req\" title=\"\u5fc5\u586b\">*<\/span><\/label><div class=\"um-clear\"><\/div><\/div><div class=\"um-field-area\"><input  autocomplete=\"off\" class=\"um-form-field valid \" type=\"text\" name=\"user_login-22\" id=\"user_login-22\" value=\"\" placeholder=\"\" data-validate=\"unique_username\" data-key=\"user_login\"  aria-invalid=\"false\" \/>\n\n\t\t\t\t\t\t<\/div><\/div><div  id=\"um_field_22_user_email\" class=\"um-field um-field-text  um-field-user_email um-field-text um-field-type_text\" data-key=\"user_email\"><div class=\"um-field-label\"><label for=\"user_email-22\">Email Address<span class=\"um-req\" title=\"\u5fc5\u586b\">*<\/span><\/label><div class=\"um-clear\"><\/div><\/div><div class=\"um-field-area\"><input  autocomplete=\"off\" class=\"um-form-field valid \" type=\"text\" name=\"user_email-22\" id=\"user_email-22\" value=\"\" placeholder=\"\" data-validate=\"unique_email\" data-key=\"user_email\"  aria-invalid=\"false\" \/>\n\n\t\t\t\t\t\t<\/div><\/div><div  id=\"um_field_22_user_password\" class=\"um-field um-field-password  um-field-user_password um-field-password um-field-type_password\" data-key=\"user_password\"><div class=\"um-field-label\"><label for=\"user_password-22\">\u5bc6\u7801<span class=\"um-req\" title=\"\u5fc5\u586b\">*<\/span><\/label><div class=\"um-clear\"><\/div><\/div><div class=\"um-field-area\"><div class=\"um-field-area-password\">\n\t\t\t\t\t\t\t\t\t<input class=\"um-form-field valid \" type=\"password\" name=\"user_password-22\" id=\"user_password-22\" value=\"\" placeholder=\"\" data-validate=\"\" data-key=\"user_password\"  aria-invalid=\"false\" \/>\n\t\t\t\t\t\t\t\t\t<span class=\"um-toggle-password\"><i class=\"um-icon-eye\"><\/i><\/span>\n\t\t\t\t\t\t\t\t<\/div>\n\t\t\t\t\t\t\t<\/div><\/div><div  id=\"um_field_22_confirm_user_password\" class=\"um-field um-field-password  um-field-user_password um-field-password um-field-type_password\" data-key=\"confirm_user_password\"><div class=\"um-field-label\"><label for=\"confirm_user_password-22\">\u786e\u8ba4\u5bc6\u7801<span class=\"um-req\" title=\"\u5fc5\u586b\">*<\/span><\/label><div class=\"um-clear\"><\/div><\/div><div class=\"um-field-area\"><div class=\"um-field-area-password\"><input class=\"um-form-field valid \" type=\"password\" name=\"confirm_user_password-22\" id=\"confirm_user_password-22\" value=\"\" placeholder=\"\u786e\u8ba4\u5bc6\u7801\" data-validate=\"\" data-key=\"confirm_user_password\"  aria-invalid=\"false\" \/><span class=\"um-toggle-password\"><i class=\"um-icon-eye\"><\/i><\/span><\/div><\/div><\/div><div class=\"um-field um-field-hcaptcha\">\t\t<input\n\t\t\t\ttype=\"hidden\"\n\t\t\t\tclass=\"hcaptcha-widget-id\"\n\t\t\t\tname=\"hcaptcha-widget-id\"\n\t\t\t\tvalue=\"eyJzb3VyY2UiOlsidWx0aW1hdGUtbWVtYmVyXC91bHRpbWF0ZS1tZW1iZXIucGhwIl0sImZvcm1faWQiOjIyfQ==-d1ee4d50bb495f4cd5de73c27e3197b3\">\n\t\t\t\t<h-captcha\n\t\t\tclass=\"h-captcha\"\n\t\t\tdata-sitekey=\"688dce7d-6cb6-4240-95d9-e7807f0756c7\"\n\t\t\tdata-theme=\"dark\"\n\t\t\tdata-size=\"invisible\"\n\t\t\tdata-auto=\"false\"\n\t\t\tdata-ajax=\"false\"\n\t\t\tdata-force=\"false\">\n\t\t<\/h-captcha>\n\t\t<input type=\"hidden\" id=\"hcaptcha_um_register_nonce\" name=\"hcaptcha_um_register_nonce\" value=\"8163d1cd1b\" \/><input type=\"hidden\" name=\"_wp_http_referer\" value=\"\/zh\/wp-json\/wp\/v2\/pages\/28\" \/><\/div><\/div><\/div>By registering you agree with <a href=\"\/zh\/rules\">the server rules<\/a>.\n<!-- This file should primarily consist of HTML with a little bit of PHP. -->\n<div class=\"um-field um-field-type_terms_conditions\" data-key=\"use_terms_conditions_agreement\" style=\"display:block;padding:0;\">\n\t<div class=\"um-field-area\">\n\t\t<div class=\"um-gdpr-content\" style=\"display:none;\">\n\t\t\t\n<h2 class=\"wp-block-heading\"><\/h2>\n\t\t<\/div>\n\t\t<a href=\"javascript:void(0);\" class=\"um-toggle-gdpr\" data-toggle-state=\"hidden\"\n\t\t\tdata-toggle-show=\"Zobrazit z\u00e1sady ochrany osobn\u00edch \u00fadaj\u016f\"\n\t\t\tdata-toggle-hide=\"Skr\u00fdt z\u00e1sady ochrany osobn\u00edch \u00fadaj\u016f\">\n\t\t\tZobrazit z\u00e1sady ochrany osobn\u00edch \u00fadaj\u016f\t\t<\/a>\n\t<\/div>\n\t<div class=\"um-field-area\">\n\t\t<label class=\"um-field-checkbox\">\n\t\t\t<input type=\"checkbox\" name=\"use_gdpr_agreement\" value=\"1\">\n\t\t\t<span class=\"um-field-checkbox-state\"><i class=\"um-icon-android-checkbox-outline-blank\"><\/i><\/span>\n\t\t\t<span class=\"um-field-checkbox-option\">Pros\u00edm potvr\u010fte, \u017ee souhlas\u00edte s na\u0161imi z\u00e1sadami ochrany osobn\u00edch \u00fadaj\u016f<\/span>\n\t\t<\/label>\n\t\t<div class=\"um-clear\"><\/div>\n\t\t\t\t<div class=\"um-clear\"><\/div>\n\t<\/div>\n<\/div>\n\t<input type=\"hidden\" name=\"form_id\" id=\"form_id_22\" value=\"22\" \/>\n\t\t<p class=\"um_request_name\">\n\t\t<label for=\"um_request_22\">Only fill in if you are not human<\/label>\n\t\t<input type=\"hidden\" name=\"um_request\" id=\"um_request_22\" class=\"input\" value=\"\" size=\"25\" autocomplete=\"off\" \/>\n\t<\/p>\n\t<input type=\"hidden\" id=\"_wpnonce\" name=\"_wpnonce\" value=\"bf62311515\" \/><input type=\"hidden\" name=\"_wp_http_referer\" value=\"\/zh\/wp-json\/wp\/v2\/pages\/28\" \/>\n\t<div class=\"um-col-alt\">\n\n\t\t\n\t\t\t<div class=\"um-center\">\n\t\t\t\t<input type=\"submit\" value=\"\u6ce8\u518c\" class=\"um-button\" id=\"um-submit-btn\" \/>\n\t\t\t<\/div>\n\n\t\t\n\t\t<div class=\"um-clear\"><\/div>\n\n\t<\/div>\n\n\t\t\t<\/form>\n\t<\/div>\n<\/div>\n\n","protected":false,"raw":"<!-- wp:paragraph -->\n<p>[ultimatemember form_id=\"22\"]<\/p>\n<!-- \/wp:paragraph -->"},"excerpt":{"rendered":"","protected":false,"raw":""},"author":1,"featured_media":0,"parent":0,"menu_order":0,"comment_status":"closed","ping_status":"closed","template":"","meta":{"_cs_post_content":"<!-- wp:paragraph -->\n<p>[ultimatemember form_id=\"22\"]<\/p>\n<!-- \/wp:paragraph -->","_cs_post_name":"","_cs_post_excerpt":"","_cs_post_title":"Registrace","_en_post_content":"[ultimatemember form_id=\"22\"]","_en_post_name":"registration","_en_post_excerpt":"","_en_post_title":"Registration","_zh_post_content":"<!-- wp:paragraph -->\n<p>[ultimatemember form_id=\"22\"]<\/p>\n<!-- \/wp:paragraph -->","_zh_post_name":"registration","_zh_post_excerpt":"","_zh_post_title":"\u767b\u8a18","edit_language":"zh","footnotes":""},"class_list":["post-28","page","type-page","status-publish","hentry"],"_links":{"self":[{"href":"https:\/\/www.endor-revived.com\/zh\/wp-json\/wp\/v2\/pages\/28","targetHints":{"allow":["GET"]}}],"collection":[{"href":"https:\/\/www.endor-revived.com\/zh\/wp-json\/wp\/v2\/pages"}],"about":[{"href":"https:\/\/www.endor-revived.com\/zh\/wp-json\/wp\/v2\/types\/page"}],"author":[{"embeddable":true,"href":"https:\/\/www.endor-revived.com\/zh\/wp-json\/wp\/v2\/users\/1"}],"replies":[{"embeddable":true,"href":"https:\/\/www.endor-revived.com\/zh\/wp-json\/wp\/v2\/comments?post=28"}],"version-history":[{"count":4,"href":"https:\/\/www.endor-revived.com\/zh\/wp-json\/wp\/v2\/pages\/28\/revisions"}],"predecessor-version":[{"id":255,"href":"https:\/\/www.endor-revived.com\/zh\/wp-json\/wp\/v2\/pages\/28\/revisions\/255"}],"wp:attachment":[{"href":"https:\/\/www.endor-revived.com\/zh\/wp-json\/wp\/v2\/media?parent=28"}],"curies":[{"name":"wp","href":"https:\/\/api.w.org\/{rel}","templated":true}]}}