{"id":84,"date":"2023-12-19T15:09:57","date_gmt":"2023-12-19T14:09:57","guid":{"rendered":"https:\/\/site.endor-revived.com\/?page_id=84"},"modified":"2025-08-12T16:01:53","modified_gmt":"2025-08-12T14:01:53","slug":"uvodni-strana","status":"publish","type":"page","link":"https:\/\/www.endor-revived.com\/en\/","title":{"rendered":"Homepage"},"content":{"rendered":"\n<p>Endor is a popular MMORPG based on the Ultima Online. It has a long tradition of game development and player support dating back to the early 2000s a legacy longer than many famous titles such as World of Warcraft. Experience\/Level system, crazy customized magic items, custom map, dozens of cities, hundreds of dungeons and quests.<\/p>\n\n\n\n<figure class=\"wp-block-image size-full\"><img loading=\"lazy\" decoding=\"async\" width=\"806\" height=\"200\" src=\"https:\/\/www.endor-revived.com\/wp-content\/uploads\/2025\/08\/leveling-endor-1.png\" alt=\"\" class=\"wp-image-1442\" srcset=\"https:\/\/www.endor-revived.com\/wp-content\/uploads\/2025\/08\/leveling-endor-1.png 806w, https:\/\/www.endor-revived.com\/wp-content\/uploads\/2025\/08\/leveling-endor-1-300x74.png 300w, https:\/\/www.endor-revived.com\/wp-content\/uploads\/2025\/08\/leveling-endor-1-768x191.png 768w\" sizes=\"auto, (max-width: 806px) 100vw, 806px\" \/><\/figure>\n\n\n\n<p>Endor is a classic sandbox game &#8211; you can literally do anything you want in this vast and open fantasy world. Want to be a famous dungeon conqueror? A merciless player-killer? Own a house and a boat? Or just chill in one of the taverns and chat with other players? You can do it all on Endor. Only your skill and determination will make the difference between success and failure.<\/p>\n\n\n\n<figure class=\"wp-block-image size-full\"><img loading=\"lazy\" decoding=\"async\" width=\"806\" height=\"200\" src=\"https:\/\/www.endor-revived.com\/wp-content\/uploads\/2025\/08\/endor-map.png\" alt=\"\" class=\"wp-image-1436\" srcset=\"https:\/\/www.endor-revived.com\/wp-content\/uploads\/2025\/08\/endor-map.png 806w, https:\/\/www.endor-revived.com\/wp-content\/uploads\/2025\/08\/endor-map-300x74.png 300w, https:\/\/www.endor-revived.com\/wp-content\/uploads\/2025\/08\/endor-map-768x191.png 768w\" sizes=\"auto, (max-width: 806px) 100vw, 806px\" \/><\/figure>\n\n\n\n<p>Endor is unique in the Ultima Online scene for its experience and class-based system. You can choose from&nbsp;<strong>13 different classes<\/strong>&nbsp;and make your own way through this beautiful and rich world. Defeat enemies, gain experience, advance to higher levels, collect better equipment and challenge stronger foes. It&#8217;s a classic, time-tested RPG play style that works and doesn&#8217;t need to be changed. Each character also has a set of core skills that increase in power as you level up and can be trained by the character.<\/p>\n\n\n\n<figure class=\"wp-block-image size-full\"><img loading=\"lazy\" decoding=\"async\" width=\"806\" height=\"200\" src=\"https:\/\/www.endor-revived.com\/wp-content\/uploads\/2025\/08\/items-leveling-endor.png\" alt=\"\" class=\"wp-image-1433\" srcset=\"https:\/\/www.endor-revived.com\/wp-content\/uploads\/2025\/08\/items-leveling-endor.png 806w, https:\/\/www.endor-revived.com\/wp-content\/uploads\/2025\/08\/items-leveling-endor-300x74.png 300w, https:\/\/www.endor-revived.com\/wp-content\/uploads\/2025\/08\/items-leveling-endor-768x191.png 768w\" sizes=\"auto, (max-width: 806px) 100vw, 806px\" \/><\/figure>\n\n\n\n<p>However, Endor has evolved throughout its existence, allowing it to refine its core features and expand its content to a level that rivals most modern MMORPGs.<\/p>\n\n\n\n<p>Endor&#8217;s <a href=\"https:\/\/www.endor-revived.com\/en\/endor-features\/\" data-type=\"page\" data-id=\"287\">core features<\/a> are still growing, we are not done yet!<\/p>\n\n\n\n<p>Endor offers all this and more. And the best part? Endor is free, with experienced staff always ready to help if you have a problem, and a community to guide you if you get lost. We must also warn you that Endor can be tough and is not for the faint of heart.<\/p>\n\n\n\n<p>What are you waiting for, are you ready to make a history? <a href=\"https:\/\/www.endor-revived.com\/en\/play\/\" data-type=\"page\" data-id=\"215\">Start playing!<\/a><\/p>\n\n\n\n<p>The legend continues with you!<\/p>\n\n\n\n<figure class=\"wp-block-embed is-type-video is-provider-youtube wp-block-embed-youtube wp-embed-aspect-16-9 wp-has-aspect-ratio\"><div class=\"wp-block-embed__wrapper\">\n<iframe loading=\"lazy\" title=\"UO Endor Revived - Promotion Video (English Version)\" width=\"500\" height=\"281\" src=\"https:\/\/www.youtube.com\/embed\/9y7zLYE1P2k?feature=oembed\" frameborder=\"0\" allow=\"accelerometer; autoplay; clipboard-write; encrypted-media; gyroscope; picture-in-picture; web-share\" referrerpolicy=\"strict-origin-when-cross-origin\" allowfullscreen><\/iframe>\n<\/div><\/figure>\n","protected":false},"excerpt":{"rendered":"<p>Endor is a popular MMORPG based on the Ultima Online. It has a long tradition of game development and player support dating back to the early 2000s a legacy longer than many famous titles such as World of Warcraft. Experience\/Level system, crazy customized magic items, custom map, dozens of cities, hundreds of dungeons and quests. [&hellip;]<\/p>\n","protected":false},"author":1,"featured_media":86,"parent":0,"menu_order":0,"comment_status":"closed","ping_status":"closed","template":"","meta":{"_cs_post_content":"<!-- wp:paragraph -->\n<p>Endor je popul\u00e1rn\u00ed MMORPG hra zalo\u017een\u00e1 na sv\u011bt\u011b Ultimy Online. M\u00e1 dlouhou tradici v\u00fdvoje a podporu hr\u00e1\u010d\u016f sahaj\u00edc\u00ed a\u017e do po\u010d\u00e1tku roku 2000, co\u017e je odkaz del\u0161\u00ed ne\u017e u mnoha zn\u00e1m\u00fdch titul\u016f, jako je World of Warcraft.<\/p>\n<!-- \/wp:paragraph -->\n\n<!-- wp:image {\"id\":1442,\"sizeSlug\":\"full\",\"linkDestination\":\"none\"} -->\n<figure class=\"wp-block-image size-full\"><img src=\"https:\/\/www.endor-revived.com\/wp-content\/uploads\/2025\/08\/leveling-endor-1.png\" alt=\"\" class=\"wp-image-1442\"\/><\/figure>\n<!-- \/wp:image -->\n\n<!-- wp:paragraph -->\n<p>Endor je klasick\u00e1 sandboxov\u00e1 hra - v tomto rozs\u00e1hl\u00e9m a otev\u0159en\u00e9m fantasy sv\u011bt\u011b si m\u016f\u017eete d\u011blat doslova co chcete. Chcete se st\u00e1t slavn\u00fdm dobyvatelem dungeon\u016f? Nemilosrdn\u00fdm zabij\u00e1kem hr\u00e1\u010d\u016f? Vlastnit d\u016fm a lo\u010f? Nebo jen odpo\u010d\u00edvat v n\u011bkter\u00e9 z kr\u010dem a pov\u00eddat si s ostatn\u00edmi hr\u00e1\u010di? To v\u0161echno m\u016f\u017eete na Endoru d\u011blat. Pouze va\u0161e schopnosti a odhodl\u00e1n\u00ed rozhodnou o \u00fasp\u011bchu a ne\u00fasp\u011bchu.<\/p>\n<!-- \/wp:paragraph -->\n\n<!-- wp:image {\"id\":1436,\"sizeSlug\":\"full\",\"linkDestination\":\"none\"} -->\n<figure class=\"wp-block-image size-full\"><img src=\"https:\/\/www.endor-revived.com\/wp-content\/uploads\/2025\/08\/endor-map.png\" alt=\"\" class=\"wp-image-1436\"\/><\/figure>\n<!-- \/wp:image -->\n\n<!-- wp:paragraph -->\n<p>Endor je na sc\u00e9n\u011b Ultimy Online jedine\u010dn\u00fd sv\u00fdm syst\u00e9mem zalo\u017een\u00fdm na zku\u0161enostech a povol\u00e1n\u00edch. M\u016f\u017eete si vybrat ze&nbsp;<strong>13 r\u016fzn\u00fdch povol\u00e1n\u00ed<\/strong>&nbsp;a sami si proj\u00edt t\u00edmto kr\u00e1sn\u00fdm a bohat\u00fdm sv\u011btem. Por\u00e1\u017eejte nep\u0159\u00e1tele, z\u00edsk\u00e1vejte zku\u0161enosti, postupujte na vy\u0161\u0161\u00ed \u00farovn\u011b, sb\u00edrejte lep\u0161\u00ed vybaven\u00ed a vyz\u00fdvejte je\u0161t\u011b siln\u011bj\u0161\u00ed nep\u0159\u00e1tele. Je to klasick\u00fd, l\u00e9ty prov\u011b\u0159en\u00fd hern\u00ed styl RPG, kter\u00fd funguje a nen\u00ed t\u0159eba ho m\u011bnit. Ka\u017ed\u00e1 postava m\u00e1 sadu z\u00e1kladn\u00edch dovednost\u00ed, jejich\u017e s\u00edla se s rostouc\u00ed \u00farovn\u00ed zvy\u0161uje a kter\u00e9 si m\u016f\u017ee tr\u00e9novat.<\/p>\n<!-- \/wp:paragraph -->\n\n<!-- wp:image {\"id\":1433,\"sizeSlug\":\"full\",\"linkDestination\":\"none\"} -->\n<figure class=\"wp-block-image size-full\"><img src=\"https:\/\/www.endor-revived.com\/wp-content\/uploads\/2025\/08\/items-leveling-endor.png\" alt=\"\" class=\"wp-image-1433\"\/><\/figure>\n<!-- \/wp:image -->\n\n<!-- wp:paragraph -->\n<p>Endor se v\u0161ak b\u011bhem sv\u00e9 existence vyv\u00edjel, co\u017e mu umo\u017enilo zdokonalit sv\u00e9 z\u00e1kladn\u00ed funkce a roz\u0161\u00ed\u0159it obsah na \u00farove\u0148, kter\u00e1 konkuruje v\u011bt\u0161in\u011b modern\u00edch MMORPG.<\/p>\n<!-- \/wp:paragraph -->\n\n<!-- wp:paragraph -->\n<p>Neust\u00e1le p\u0159id\u00e1v\u00e1me <a href=\"https:\/\/endor-revived.com\/cs\/prednosti-endoru\/\" data-type=\"link\" data-id=\"https:\/\/endor-revived.com\/cs\/prednosti-endoru\/\">nov\u00e9 funkce<\/a>, zdaleka nejsme hotovi!<\/p>\n<!-- \/wp:paragraph -->\n\n<!-- wp:paragraph -->\n<p>A to nejlep\u0161\u00ed? Endor je zdarma, zku\u0161en\u00ed game maste\u0159i jsou v\u017edy p\u0159ipraveni pomoci, pokud m\u00e1te probl\u00e9m, a komunita v\u00e1m porad\u00ed, pokud se ztrat\u00edte. Mus\u00edme v\u00e1s v\u0161ak tak\u00e9 varovat, \u017ee Endor m\u016f\u017ee b\u00fdt n\u00e1ro\u010dn\u00fd a nen\u00ed pro slab\u00e9 povahy.<\/p>\n<!-- \/wp:paragraph -->\n\n<!-- wp:paragraph -->\n<p>Na co \u010dek\u00e1te, jste p\u0159ipraveni tvo\u0159it d\u011bjiny? <a href=\"https:\/\/endor-revived.com\/cs\/hraj\/\" data-type=\"link\" data-id=\"https:\/\/endor-revived.com\/cs\/hrej\/\">Tak hrajte!<\/a><\/p>\n<!-- \/wp:paragraph -->\n\n<!-- wp:paragraph -->\n<p>Legenda pokra\u010duje s v\u00e1mi!<\/p>\n<!-- \/wp:paragraph -->\n\n<!-- wp:embed {\"url\":\"https:\/\/www.youtube.com\/watch?v=KLxHRZh9qqQ\",\"type\":\"video\",\"providerNameSlug\":\"youtube\",\"responsive\":true,\"className\":\"wp-embed-aspect-16-9 wp-has-aspect-ratio\"} -->\n<figure class=\"wp-block-embed is-type-video is-provider-youtube wp-block-embed-youtube wp-embed-aspect-16-9 wp-has-aspect-ratio\"><div class=\"wp-block-embed__wrapper\">\nhttps:\/\/www.youtube.com\/watch?v=KLxHRZh9qqQ\n<\/div><\/figure>\n<!-- \/wp:embed -->","_cs_post_name":"","_cs_post_excerpt":"","_cs_post_title":"\u00davodn\u00ed strana","_en_post_content":"<!-- wp:paragraph -->\n<p>Endor is a popular MMORPG based on the Ultima Online. It has a long tradition of game development and player support dating back to the early 2000s a legacy longer than many famous titles such as World of Warcraft. Experience\/Level system, crazy customized magic items, custom map, dozens of cities, hundreds of dungeons and quests.<\/p>\n<!-- \/wp:paragraph -->\n\n<!-- wp:image {\"id\":1442,\"sizeSlug\":\"full\",\"linkDestination\":\"none\"} -->\n<figure class=\"wp-block-image size-full\"><img src=\"https:\/\/www.endor-revived.com\/wp-content\/uploads\/2025\/08\/leveling-endor-1.png\" alt=\"\" class=\"wp-image-1442\"\/><\/figure>\n<!-- \/wp:image -->\n\n<!-- wp:paragraph -->\n<p>Endor is a classic sandbox game - you can literally do anything you want in this vast and open fantasy world. Want to be a famous dungeon conqueror? A merciless player-killer? Own a house and a boat? Or just chill in one of the taverns and chat with other players? You can do it all on Endor. Only your skill and determination will make the difference between success and failure.<\/p>\n<!-- \/wp:paragraph -->\n\n<!-- wp:image {\"id\":1436,\"sizeSlug\":\"full\",\"linkDestination\":\"none\"} -->\n<figure class=\"wp-block-image size-full\"><img src=\"https:\/\/www.endor-revived.com\/wp-content\/uploads\/2025\/08\/endor-map.png\" alt=\"\" class=\"wp-image-1436\"\/><\/figure>\n<!-- \/wp:image -->\n\n<!-- wp:paragraph -->\n<p>Endor is unique in the Ultima Online scene for its experience and class-based system. You can choose from&nbsp;<strong>13 different classes<\/strong>&nbsp;and make your own way through this beautiful and rich world. Defeat enemies, gain experience, advance to higher levels, collect better equipment and challenge stronger foes. It's a classic, time-tested RPG play style that works and doesn't need to be changed. Each character also has a set of core skills that increase in power as you level up and can be trained by the character.<\/p>\n<!-- \/wp:paragraph -->\n\n<!-- wp:image {\"id\":1433,\"sizeSlug\":\"full\",\"linkDestination\":\"none\"} -->\n<figure class=\"wp-block-image size-full\"><img src=\"https:\/\/www.endor-revived.com\/wp-content\/uploads\/2025\/08\/items-leveling-endor.png\" alt=\"\" class=\"wp-image-1433\"\/><\/figure>\n<!-- \/wp:image -->\n\n<!-- wp:paragraph -->\n<p>However, Endor has evolved throughout its existence, allowing it to refine its core features and expand its content to a level that rivals most modern MMORPGs.<\/p>\n<!-- \/wp:paragraph -->\n\n<!-- wp:paragraph -->\n<p>Endor's <a href=\"https:\/\/www.endor-revived.com\/en\/endor-features\/\" data-type=\"page\" data-id=\"287\">core features<\/a> are still growing, we are not done yet!<\/p>\n<!-- \/wp:paragraph -->\n\n<!-- wp:paragraph -->\n<p>Endor offers all this and more. And the best part? Endor is free, with experienced staff always ready to help if you have a problem, and a community to guide you if you get lost. We must also warn you that Endor can be tough and is not for the faint of heart.<\/p>\n<!-- \/wp:paragraph -->\n\n<!-- wp:paragraph -->\n<p>What are you waiting for, are you ready to make a history? <a href=\"https:\/\/www.endor-revived.com\/en\/play\/\" data-type=\"page\" data-id=\"215\">Start playing!<\/a><\/p>\n<!-- \/wp:paragraph -->\n\n<!-- wp:paragraph -->\n<p>The legend continues with you!<\/p>\n<!-- \/wp:paragraph -->\n\n<!-- wp:embed {\"url\":\"https:\/\/www.youtube.com\/watch?v=9y7zLYE1P2k\",\"type\":\"video\",\"providerNameSlug\":\"youtube\",\"responsive\":true,\"className\":\"wp-embed-aspect-16-9 wp-has-aspect-ratio\"} -->\n<figure class=\"wp-block-embed is-type-video is-provider-youtube wp-block-embed-youtube wp-embed-aspect-16-9 wp-has-aspect-ratio\"><div class=\"wp-block-embed__wrapper\">\nhttps:\/\/www.youtube.com\/watch?v=9y7zLYE1P2k\n<\/div><\/figure>\n<!-- \/wp:embed -->","_en_post_name":"uvodni-strana","_en_post_excerpt":"","_en_post_title":"Homepage","_zh_post_content":"<!-- wp:paragraph -->\n<p>\u3010\u6069\u591a\u3011\u662f\u4e00\u6b3e\u57fa\u4e8e\u3010\u7f51\u7edc\u521b\u4e16\u7eaa\u3011\u5927\u578b\u591a\u4eba\u5728\u7ebf\u89d2\u8272\u626e\u6f14\u7684\u6e38\u620f\u3002\u5b83\u62e5\u6709\u60a0\u4e45\u7684\u5386\u53f2\u3001\u4e30\u5bcc\u7684\u6e38\u620f\u4e8c\u6b21\u5f00\u53d1\u5185\u5bb9\u4ee5\u53ca\u5927\u91cf\u73a9\u5bb6\uff0c\u53ef\u4ee5\u8ffd\u6eaf\u5230 2000 \u5e74\u4ee3\u521d\uff0c\u6bd4\u3010\u9b54\u517d\u4e16\u754c\u3011\u7b49\u8bb8\u591a\u8457\u540d\u6e38\u620f\u7684\u5386\u53f2\u8fd8\u8981\u60a0\u4e45\u3002<\/p>\n<!-- \/wp:paragraph -->\n\n<!-- wp:paragraph -->\n<p>\u3010\u6069\u591a\u3011\u662f\u4e00\u6b3e\u7ecf\u5178\u7684\u6c99\u76d2\u6e38\u620f--\u5728\u8fd9\u4e2a\u5e7f\u9614\u800c\u5f00\u653e\u7684\u5947\u5e7b\u4e16\u754c\u4e2d\uff0c\u4f60\u53ef\u4ee5\u505a\u4efb\u4f55\u60f3\u505a\u7684\u4e8b\u3002\u60f3\u6210\u4e3a\u8457\u540d\u7684\u5730\u4e0b\u57ce\u5f81\u670d\u8005\uff1f\u65e0\u60c5\u7684\u73a9\u5bb6\u6740\u624bPK\uff1f\u62e5\u6709\u4e00\u5ea7\u623f\u5b50\u548c\u8239\uff1f\u6216\u8005\u53ea\u662f\u5728\u9152\u9986\u91cc\u548c\u5176\u4ed6\u73a9\u5bb6\u804a\u5929\uff1f\u5728\u3010\u6069\u591a\u3011\u4e16\u754c\u91cc\uff0c\u60a8\u90fd\u53ef\u4ee5\u505a\u5230\u3002\u53ea\u6709\u4f60\u7684\u6280\u80fd\u548c\u51b3\u5fc3\u624d\u80fd\u51b3\u5b9a\u6210\u8d25\u3002<\/p>\n<!-- \/wp:paragraph -->\n\n<!-- wp:paragraph -->\n<p>\u3010\u6069\u591a\u3011\u7ecf\u9a8c\u548c\u7b49\u7ea7\u7cfb\u7edf\u5728\u6240\u6709\u3010\u7f51\u7edc\u521b\u4e16\u7eaa\u3011\u788e\u7247\u4e16\u754c\u4e2d\u662f\u72ec\u4e00\u65e0\u4e8c\u7684\u3002\u60a8\u53ef\u4ee5\u4ece 13 \u4e2a\u4e0d\u540c\u7684\u79cd\u65cf\u4e2d\u8fdb\u884c\u9009\u62e9\uff0c\u5728\u8fd9\u4e2a\u7f8e\u4e3d\u800c\u4e30\u5bcc\u7684\u4e16\u754c\u4e2d\u95ef\u51fa\u81ea\u5df1\u7684\u4e00\u7247\u5929\u5730\u3002\u6253\u8d25\u654c\u4eba\uff0c\u83b7\u5f97\u7ecf\u9a8c\uff0c\u63d0\u5347\u7b49\u7ea7\uff0c\u6536\u96c6\u66f4\u597d\u7684\u88c5\u5907\uff0c\u6311\u6218\u66f4\u5f3a\u5927\u7684\u654c\u4eba\u3002\u8fd9\u662f\u4e00\u79cd\u7ecf\u5178\u7684\u3001\u4e45\u7ecf\u8003\u9a8c\u7684 RPG \u73a9\u6cd5\uff0c\u884c\u4e4b\u6709\u6548\uff0c\u65e0\u9700\u6539\u53d8\u3002\u6bcf\u4e2a\u89d2\u8272\u90fd\u6709\u4e00\u5957\u6838\u5fc3\u6280\u80fd\uff0c\u968f\u7740\u7b49\u7ea7\u7684\u63d0\u5347\uff0c\u8fd9\u4e9b\u6280\u80fd\u7684\u5a01\u529b\u4e5f\u4f1a\u589e\u52a0\uff0c\u800c\u4e14\u53ef\u4ee5\u7531\u89d2\u8272\u81ea\u5df1\u8bad\u7ec3\u3002<\/p>\n<!-- \/wp:paragraph -->\n\n<!-- wp:paragraph -->\n<p>\u3010\u6069\u591a\u3011\u5728\u5176\u6574\u4e2a\u53d1\u5c55\u5386\u7a0b\u4e2d\uff0c\u5176\u6838\u5fc3\u529f\u80fd\u4e5f\u5728\u4e0d\u65ad\u5b8c\u5584\uff0c\u5185\u5bb9\u4e0d\u65ad\u6269\u5c55\uff0c\u8fbe\u5230\u4e86\u53ef\u4e0e\u5927\u591a\u6570\u73b0\u4ee3\u5927\u578b\u591a\u4eba\u5728\u7ebf\u89d2\u8272\u626e\u6f14\u6e38\u620f\u76f8\u5ab2\u7f8e\u7684\u6c34\u5e73\u3002<\/p>\n<!-- \/wp:paragraph -->\n\n<!-- wp:paragraph -->\n<p>\u6838\u5fc3\u529f\u80fd:<\/p>\n<!-- \/wp:paragraph -->\n\n<!-- wp:paragraph -->\n<p>-\u3010PvM\u73a9\u5bb6\u5bf9\u602a\u7269\u3011\u9519\u7efc\u590d\u6742\u7684\u6e38\u620f\u73a9\u6cd5\uff0c\u9700\u8981\u6280\u5de7\u3001\u51b3\u5fc3\u4ee5\u53ca\u5de7\u5999\u5730\u5229\u7528\u4e0d\u540c\u79cd\u65cf\u804c\u4e1a\u7684\u534f\u540c\u4f5c\u7528\u6765\u8fbe\u5230\u6700\u4f73\u7ed3\u679c\u3002\u4e0e\u670b\u53cb\u7ec4\u961f\uff0c\u6311\u6218100\u591a\u4e2a\u4e0d\u540c\u7684\u5730\u4e0b\u57ce\u3002\u53ea\u6709\u6700\u4f1f\u5927\u7684\u5192\u9669\u5bb6\u624d\u80fd\u5b8c\u6210\u6240\u6709\u4efb\u52a1\u3002\u6069\u591a\u7684\u5730\u4e0b\u57ce\u4e3a\u60a8\u5e26\u6765MMORPG \u7c7b\u578b\u6e38\u620f\u4e2d\u65e0\u4e0e\u4f26\u6bd4\u7684\u4e50\u8da3\u3002\u5728\u5730\u4e0b\u57ce\u8dd1\u9177\u6bd4\u8d5b\u4e2d\uff0c\u60a8\u8fd8\u53ef\u4ee5\u4e0e\u81ea\u5df1\u548c\u5176\u4ed6\u73a9\u5bb6\u4e00\u8f83\u9ad8\u4e0b\u3002<\/p>\n<!-- \/wp:paragraph -->\n\n<!-- wp:paragraph -->\n<p>-\u3010PvP\u73a9\u5bb6\u5bf9\u73a9\u5bb6\u3011\u5feb\u8282\u594f\u548c\u5371\u9669\uff0c\u5728\u8fd9\u4e2a\u6b8b\u9177\u7684\u4e16\u754c\u4e2d\uff0c\u6bcf\u4e2a\u73a9\u5bb6\u90fd\u5fc5\u987b\u4fdd\u62a4\u81ea\u5df1\uff0c\u5426\u5219\u5c31\u4f1a\u6b7b\u4ea1\uff0c\u56e0\u4e3a\u6069\u591a\u7684PvP\u65e0\u5904\u4e0d\u5728\u3002\u666e\u901a\u73a9\u5bb6\u53ef\u4ee5\u5728\u5b88\u536b\u68ee\u4e25\u7684\u57ce\u5e02\u4e2d\u5f97\u5230\u5b89\u5168\u4fdd\u62a4\uff0c\u4f46\u6280\u827a\u9ad8\u8d85\u7684\u89d2\u6597\u58eb\u53ef\u4ee5\u6210\u4e3a\u6b7b\u4ea1\u6559\u6d3e\u7684\u6210\u5458\uff0c\u968f\u65f6\u968f\u5730\u4e0e\u5bf9\u65b9\u6218\u6597\u3002\u6709\u4e9b\u73a9\u5bb6\u751a\u81f3\u53ef\u4ee5\u6210\u4e3a\u73a9\u5bb6\u6740\u624bPK--\u7981\u6b62\u8fdb\u5165\u57ce\u9547\u7684\u4ea1\u547d\u4e4b\u5f92\uff0c\u4ed6\u4eec\u88ab\u653e\u9010\u5230\u8352\u91ce\uff0c\u5728\u90a3\u91cc\u7b49\u5f85\u6beb\u65e0\u9632\u5907\u7684\u730e\u7269\u3002\u6e38\u620f\u4e2d\u8fd8\u6709\u81ea\u52a8PvP\u7ade\u6280\u573a\u548c\u53f2\u8bd7\u822c\u7684\u57ce\u9547\u6218\u4e89\uff0c\u5404\u516c\u4f1a\u4e3a\u4e89\u593a\u4e3b\u8981\u57ce\u5e02\u7684\u63a7\u5236\u6743\u800c\u5927\u6253\u51fa\u624b\u3002\u5728\u6069\u591a\u4e2d\uff0c\u6b7b\u4ea1\u6765\u5f97\u5f88\u5bb9\u6613\uff0c\u4f46\u8981\u5c0f\u5fc3\uff1a\u4e00\u65e6\u6b7b\u4ea1\uff0c\u4f60\u5c31\u4f1a\u5931\u53bb\u4f60\u6240\u62e5\u6709\u7684\u4e00\u5207\u3002\u5c0f\u5fc3\u884c\u4e8b\u3002<\/p>\n<!-- \/wp:paragraph -->\n\n<!-- wp:paragraph -->\n<p>-\u3010\u4e30\u5bcc\u591a\u5f69\u7684\u4e16\u754c\u3011\u60a8\u53ef\u4ee5\u5728\u6069\u591a\u6f2b\u6e38\u6570\u65e5\uff0c\u8fd8\u80fd\u627e\u5230\u4e00\u4e9b\u4e8b\u60c5\u53ef\u505a\u3002\u4e16\u754c\u4e0a\u6709\u8fd1300\u4e2aNPC\u8425\u5730\uff0c\u6570\u767e\u4e2a\u4efb\u52a1\u7b49\u7740\u60a8\u53bb\u5bfb\u627e\u548c\u5b8c\u6210\uff0c\u8fd8\u6709\u5927\u91cf\u7684\u5750\u9a91\u7b49\u7740\u60a8\u53bb\u9a6f\u670d\uff0c\u751a\u81f3\u8fd8\u6709\u66f4\u591a\u7684\u5730\u65b9\u7b49\u7740\u60a8\u53bb\u6e38\u89c8\u3002<\/p>\n<!-- \/wp:paragraph -->\n\n<!-- wp:paragraph -->\n<p>-\u3010\u5de5\u5320\u7cfb\u7edf\u3011\u6069\u591a\u63d0\u4f9b\u5404\u79cd\u5de5\u5320\u804c\u4e1a\u6765\u78e8\u7ec3\u60a8\u7684\u6280\u80fd\u3002\u5de5\u5320\u662f\u7ecf\u6d4e\u7684\u652f\u67f1\uff0c\u4e5f\u662f\u6bcf\u4e2a\u73a9\u5bb6\u90fd\u8981\u5c0a\u656c\u7684\u91cd\u8981\u793e\u4f1a\u6210\u5458\u3002<\/p>\n<!-- \/wp:paragraph -->\n\n<!-- wp:paragraph -->\n<p>-\u3010\u7269\u54c1\u7cfb\u7edf\u3011\u6069\u591a\u6709\u591a\u79cd\u72b6\u6001\u548c\u6280\u80fd\u53ef\u4f9b\u9009\u62e9\uff0c\u60a8\u53ef\u4ee5\u6839\u636e\u81ea\u5df1\u7684\u559c\u597d\u4e3a\u89d2\u8272\u6dfb\u52a0\u7269\u54c1\u3002\u6709\u6570\u767e\u79cd\u4e0d\u540c\u7684\u9b54\u6cd5\u3001\u5957\u88c5\u3001\u7b26\u6587\u548c\u72ec\u7279\u7269\u54c1\u4f9b\u60a8\u6536\u96c6\uff0c\u8ba9\u60a8\u7684\u89d2\u8272\u4ece\u4e5e\u4e10\u53d8\u6210\u771f\u6b63\u7684\u795e\u3002<\/p>\n<!-- \/wp:paragraph -->\n\n<!-- wp:paragraph -->\n<p>-\u3010\u623f\u5c4b\u7cfb\u7edf\u3011\u6069\u591a\u652f\u6301\u7cbe\u5fc3\u8bbe\u8ba1\u7684\u4f4f\u623f\u7cfb\u7edf\uff0c\u60a8\u53ef\u4ee5\u5728\u4e16\u754c\u5404\u5730\u9009\u62e9\u4e0d\u540c\u7c7b\u578b\u7684\u4f4f\u6240\u3002\u60a8\u53ef\u4ee5\u6839\u636e\u81ea\u5df1\u7684\u559c\u597d\u6311\u9009\u623f\u5c4b\u5e76\u8fdb\u884c\u5b9a\u5236\u3002<\/p>\n<!-- \/wp:paragraph -->\n\n<!-- wp:paragraph -->\n<p>\u6069\u591a\u4e0d\u4ec5\u4ec5\u63d0\u4f9b\u4e86\u4e0a\u8ff0\u8fd9\u4e9b\u3002\u66f4\u591a\u7ec6\u8282\u5185\u5bb9\u5c06\u5728 2023\u5e7410\u67085\u65e5 \u5927\u578b\u8865\u4e01\u4e2d\u63a8\u51fa\uff0c\u8be5\u8865\u4e01\u8fd8\u5c06\u91cd\u7f6e\u670d\u52a1\u5668\uff0c\u6240\u6709\u73a9\u5bb6\u4ece\u5934\u5f00\u59cb\u3002\u6700\u68d2\u7684\u662f\u4ec0\u4e48\uff1f\u6069\u591a\u662f\u514d\u8d39\u7684\uff0c\u5982\u679c\u60a8\u9047\u5230\u95ee\u9898\uff0c\u7ecf\u9a8c\u4e30\u5bcc\u7684\u5de5\u4f5c\u4eba\u5458\u4f1a\u968f\u65f6\u63d0\u4f9b\u5e2e\u52a9\uff0c\u5982\u679c\u60a8\u8ff7\u8def\u4e86\uff0c\u8fd8\u6709\u793e\u533a\u4e3a\u60a8\u63d0\u4f9b\u6307\u5bfc\u3002\u6211\u4eec\u8fd8\u5fc5\u987b\u63d0\u9192\u60a8\uff0c\u6069\u591a\u53ef\u80fd\u5f88\u8270\u82e6\uff0c\u4e0d\u9002\u5408\u80c6\u5c0f\u7684\u4eba\u3002<\/p>\n<!-- \/wp:paragraph -->\n\n<!-- wp:embed {\"url\":\"https:\/\/www.youtube.com\/watch?v=9y7zLYE1P2k\",\"type\":\"video\",\"providerNameSlug\":\"youtube\",\"responsive\":true,\"className\":\"wp-embed-aspect-16-9 wp-has-aspect-ratio\"} -->\n<figure class=\"wp-block-embed is-type-video is-provider-youtube wp-block-embed-youtube wp-embed-aspect-16-9 wp-has-aspect-ratio\"><div class=\"wp-block-embed__wrapper\">\nhttps:\/\/www.youtube.com\/watch?v=9y7zLYE1P2k\n<\/div><\/figure>\n<!-- \/wp:embed -->","_zh_post_name":"","_zh_post_excerpt":"","_zh_post_title":"Homepage","edit_language":"en","footnotes":""},"class_list":["post-84","page","type-page","status-publish","has-post-thumbnail","hentry"],"_links":{"self":[{"href":"https:\/\/www.endor-revived.com\/en\/wp-json\/wp\/v2\/pages\/84","targetHints":{"allow":["GET"]}}],"collection":[{"href":"https:\/\/www.endor-revived.com\/en\/wp-json\/wp\/v2\/pages"}],"about":[{"href":"https:\/\/www.endor-revived.com\/en\/wp-json\/wp\/v2\/types\/page"}],"author":[{"embeddable":true,"href":"https:\/\/www.endor-revived.com\/en\/wp-json\/wp\/v2\/users\/1"}],"replies":[{"embeddable":true,"href":"https:\/\/www.endor-revived.com\/en\/wp-json\/wp\/v2\/comments?post=84"}],"version-history":[{"count":32,"href":"https:\/\/www.endor-revived.com\/en\/wp-json\/wp\/v2\/pages\/84\/revisions"}],"predecessor-version":[{"id":1446,"href":"https:\/\/www.endor-revived.com\/en\/wp-json\/wp\/v2\/pages\/84\/revisions\/1446"}],"wp:featuredmedia":[{"embeddable":true,"href":"https:\/\/www.endor-revived.com\/en\/wp-json\/wp\/v2\/media\/86"}],"wp:attachment":[{"href":"https:\/\/www.endor-revived.com\/en\/wp-json\/wp\/v2\/media?parent=84"}],"curies":[{"name":"wp","href":"https:\/\/api.w.org\/{rel}","templated":true}]}}