{"id":208,"date":"2024-01-06T21:25:26","date_gmt":"2024-01-06T20:25:26","guid":{"rendered":"https:\/\/site.endor-revived.com\/?page_id=208"},"modified":"2024-11-20T16:14:34","modified_gmt":"2024-11-20T15:14:34","slug":"support-us","status":"publish","type":"page","link":"https:\/\/www.endor-revived.com\/en\/support-us\/","title":{"rendered":"Support us!"},"content":{"rendered":"\n<p>While Endor is entirely free to play, there are numerous operational expenses that are not covered by this model. Currently, the game is funded through the private resources of our GM team. That&#8217;s why we&#8217;ve created an opportunity for players like you to contribute to the costs of its operation. Your support ensures the continued availability and improvement of the game for everyone. Thank you.<\/p>\n\n\n\n<p><a href=\"https:\/\/www.patreon.com\/EndorRevived\">https:\/\/www.patreon.com\/EndorRevived<\/a><\/p>\n\n\n\n<p>This is an example of the highest tier rewards we offer you as thanks for helping us.<\/p>\n\n\n\n<ul class=\"wp-block-list\">\n<li>150 &#8211; 750 Shimmering Coins per month (for the purchase of decorative items.).<\/li>\n\n\n\n<li>Access to latest news with priority and behind-the-scenes information.<\/li>\n\n\n\n<li>Access to patreon-only discord channel.<\/li>\n\n\n\n<li>Priority access to future beta testing of new content.<\/li>\n\n\n\n<li>Ingame access to the VIP patron tavern.<\/li>\n\n\n\n<li>The possibility of uploading your own videos to the official youtube channel (guild propagation, fun clips, tutorials etc.).<\/li>\n\n\n\n<li>Ingame title (Patron) usable on one character.<\/li>\n\n\n\n<li>Access to patron-only polls on various ingame content.<\/li>\n\n\n\n<li>Possibility of building house or renting one for shimmering coins on Patron exclusive island.<\/li>\n<\/ul>\n\n\n\n<p>If you decide to contribute, don&#8217;t forget to <a href=\"\/en\/account\/patreonconnection\/\">connect your gaming account to Patreon<\/a>, it&#8217;s the only way to earn all the rewards. You can read more instructions on our wiki.<\/p>\n","protected":false},"excerpt":{"rendered":"<p>While Endor is entirely free to play, there are numerous operational expenses that are not covered by this model. Currently, the game is funded through the private resources of our GM team. That&#8217;s why we&#8217;ve created an opportunity for players like you to contribute to the costs of its operation. Your support ensures the continued [&hellip;]<\/p>\n","protected":false},"author":1,"featured_media":0,"parent":0,"menu_order":0,"comment_status":"closed","ping_status":"closed","template":"","meta":{"_cs_post_content":"<!-- wp:paragraph -->\n<p>Zat\u00edmco Endor je zcela zdarma k hran\u00ed, existuje mnoho provozn\u00edch n\u00e1klad\u016f, kter\u00e9 nejsou kryty t\u00edmto modelem. V sou\u010dasn\u00e9 dob\u011b je hra financov\u00e1na soukrom\u00fdmi zdroji na\u0161eho t\u00fdmu GM. Proto jsme vytvo\u0159ili p\u0159\u00edle\u017eitost pro hr\u00e1\u010de jako jste vy, abyste p\u0159isp\u011bli na n\u00e1klady na jej\u00ed provoz. Va\u0161e podpora zaji\u0161\u0165uje trvalou dostupnost a zlep\u0161ov\u00e1n\u00ed hry pro v\u0161echny. D\u011bkujeme.<\/p>\n<!-- \/wp:paragraph -->\n\n<!-- wp:paragraph -->\n<p><a href=\"https:\/\/www.patreon.com\/EndorRevived\">https:\/\/www.patreon.com\/EndorRevived<\/a><\/p>\n<!-- \/wp:paragraph -->\n\n<!-- wp:paragraph -->\n<p>Toto je p\u0159\u00edklad nejvy\u0161\u0161\u00edch odm\u011bn, kter\u00e9 v\u00e1m nab\u00edz\u00edme jako pod\u011bkov\u00e1n\u00ed za Va\u0161i pomoc.<\/p>\n<!-- \/wp:paragraph -->\n\n<!-- wp:list -->\n<ul class=\"wp-block-list\"><!-- wp:list-item -->\n<li>150 - 750 leskl\u00fdch minc\u00ed m\u011bs\u00ed\u010dn\u011b. Tedy shimmering coins, pro n\u00e1kup dekora\u010dn\u00edch v\u011bc\u00ed.<\/li>\n<!-- \/wp:list-item -->\n\n<!-- wp:list-item -->\n<li>P\u0159\u00edstup k nejnov\u011bj\u0161\u00edm zpr\u00e1v\u00e1m s prioritou a informac\u00edm ze z\u00e1kulis\u00ed.<\/li>\n<!-- \/wp:list-item -->\n\n<!-- wp:list-item -->\n<li>P\u0159\u00edstup k patreon-only kan\u00e1lu na Discordu.<\/li>\n<!-- \/wp:list-item -->\n\n<!-- wp:list-item -->\n<li>P\u0159ednostn\u00ed p\u0159\u00edstup k budouc\u00edm beta test\u016fm nov\u00e9ho obsahu.<\/li>\n<!-- \/wp:list-item -->\n\n<!-- wp:list-item -->\n<li>Hern\u00ed p\u0159\u00edstup do VIP patronsk\u00e9 taverny.<\/li>\n<!-- \/wp:list-item -->\n\n<!-- wp:list-item -->\n<li>Mo\u017enost nahr\u00e1v\u00e1n\u00ed vlastn\u00edch vide\u00ed na ofici\u00e1ln\u00ed kan\u00e1l na YouTube (propagace guild, z\u00e1bavn\u00e9 klipy, n\u00e1vody atd.).<\/li>\n<!-- \/wp:list-item -->\n\n<!-- wp:list-item -->\n<li>Hern\u00ed titul (Patron) pou\u017eiteln\u00fd na jedn\u00e9 postav\u011b.<\/li>\n<!-- \/wp:list-item -->\n\n<!-- wp:list-item -->\n<li>P\u0159\u00edstup k patreon-only hlasov\u00e1n\u00edm o r\u016fzn\u00e9m hern\u00edm obsahu.<\/li>\n<!-- \/wp:list-item -->\n\n<!-- wp:list-item -->\n<li>Mo\u017enost stavby vlastn\u00edho domu, \u010di pron\u00e1jem hotov\u00e9ho za shimmering coins, na ostrov\u011b pro Patrony.<\/li>\n<!-- \/wp:list-item --><\/ul>\n<!-- \/wp:list -->\n\n<!-- wp:paragraph -->\n<p>Pokud se rozhodnete p\u0159isp\u00edvat, nezapome\u0148te si <a href=\"\/cs\/account\/patreonconnection\/\">sp\u00e1rovat Patreon s hern\u00edm \u00fa\u010dtem<\/a>, jen tak z\u00edsk\u00e1te v\u0161echny odm\u011bny. V\u00edce instrukc\u00ed k Patreonu se do\u010dtete <a href=\"https:\/\/wiki.endor-revived.com\/view\/Patreon\">na na\u0161\u00ed wiki<\/a>.<\/p>\n<!-- \/wp:paragraph -->","_cs_post_name":"podporte-nas","_cs_post_excerpt":"","_cs_post_title":"Podpo\u0159te n\u00e1s!","_en_post_content":"<!-- wp:paragraph -->\n<p>While Endor is entirely free to play, there are numerous operational expenses that are not covered by this model. Currently, the game is funded through the private resources of our GM team. That's why we've created an opportunity for players like you to contribute to the costs of its operation. Your support ensures the continued availability and improvement of the game for everyone. Thank you.<\/p>\n<!-- \/wp:paragraph -->\n\n<!-- wp:paragraph -->\n<p><a href=\"https:\/\/www.patreon.com\/EndorRevived\">https:\/\/www.patreon.com\/EndorRevived<\/a><\/p>\n<!-- \/wp:paragraph -->\n\n<!-- wp:paragraph -->\n<p>This is an example of the highest tier rewards we offer you as thanks for helping us.<\/p>\n<!-- \/wp:paragraph -->\n\n<!-- wp:list -->\n<ul class=\"wp-block-list\"><!-- wp:list-item -->\n<li>150 - 750 Shimmering Coins per month (for the purchase of decorative items.).<\/li>\n<!-- \/wp:list-item -->\n\n<!-- wp:list-item -->\n<li>Access to latest news with priority and behind-the-scenes information.<\/li>\n<!-- \/wp:list-item -->\n\n<!-- wp:list-item -->\n<li>Access to patreon-only discord channel.<\/li>\n<!-- \/wp:list-item -->\n\n<!-- wp:list-item -->\n<li>Priority access to future beta testing of new content.<\/li>\n<!-- \/wp:list-item -->\n\n<!-- wp:list-item -->\n<li>Ingame access to the VIP patron tavern.<\/li>\n<!-- \/wp:list-item -->\n\n<!-- wp:list-item -->\n<li>The possibility of uploading your own videos to the official youtube channel (guild propagation, fun clips, tutorials etc.).<\/li>\n<!-- \/wp:list-item -->\n\n<!-- wp:list-item -->\n<li>Ingame title (Patron) usable on one character.<\/li>\n<!-- \/wp:list-item -->\n\n<!-- wp:list-item -->\n<li>Access to patron-only polls on various ingame content.<\/li>\n<!-- \/wp:list-item -->\n\n<!-- wp:list-item -->\n<li>Possibility of building house or renting one for shimmering coins on Patron exclusive island.<\/li>\n<!-- \/wp:list-item --><\/ul>\n<!-- \/wp:list -->\n\n<!-- wp:paragraph -->\n<p>If you decide to contribute, don't forget to <a href=\"\/en\/account\/patreonconnection\/\">connect your gaming account to Patreon<\/a>, it's the only way to earn all the rewards. You can read more instructions on our wiki.<\/p>\n<!-- \/wp:paragraph -->","_en_post_name":"support-us","_en_post_excerpt":"","_en_post_title":"Support us!","_zh_post_content":"<!-- wp:paragraph -->\n<p>\u7576\u7136\uff01\u9019\u662f\u7e41\u9ad4\u4e2d\u6587\u7684\u7ffb\u8b6f\uff1a<\/p>\n<!-- \/wp:paragraph -->\n\n<!-- wp:paragraph -->\n<p>\u96d6\u7136 Endor \u5b8c\u5168\u514d\u8cbb\u904a\u73a9\uff0c\u4f46\u6b64\u6a21\u5f0f\u4e26\u672a\u6db5\u84cb\u8a31\u591a\u904b\u71df\u6210\u672c\u3002\u76ee\u524d\uff0c\u904a\u6232\u662f\u7531\u6211\u5011\u7684 GM \u5718\u968a\u7684\u79c1\u4eba\u8cc7\u6e90\u8cc7\u52a9\u3002\u9019\u5c31\u662f\u70ba\u4ec0\u9ebc\u6211\u5011\u5275\u5efa\u4e86\u4e00\u500b\u6a5f\u6703\uff0c\u8b93\u50cf\u60a8\u9019\u6a23\u7684\u73a9\u5bb6\u6709\u6a5f\u6703\u8ca2\u737b\u904b\u71df\u6210\u672c\u3002\u60a8\u7684\u652f\u6301\u78ba\u4fdd\u4e86\u904a\u6232\u7684\u6301\u7e8c\u53ef\u7528\u6027\u548c\u6539\u5584\uff0c\u4f7f\u5176\u5c0d\u6bcf\u500b\u4eba\u90fd\u53ef\u7528\u3002\u8b1d\u8b1d\u3002<\/p>\n<!-- \/wp:paragraph -->\n\n<!-- wp:paragraph -->\n<p><a href=\"https:\/\/www.patreon.com\/EndorRevived\">https:\/\/www.patreon.com\/EndorRevived<\/a><\/p>\n<!-- \/wp:paragraph -->\n\n<!-- wp:paragraph -->\n<p>\u9019\u662f\u6211\u5011\u63d0\u4f9b\u7d66\u60a8\u7684\u6700\u9ad8\u7b49\u7d1a\u734e\u52f5\u7684\u4e00\u500b\u793a\u4f8b\uff0c\u4f5c\u70ba\u5c0d\u60a8\u5e6b\u52a9\u6211\u5011\u7684\u611f\u8b1d\u3002<\/p>\n<!-- \/wp:paragraph -->\n\n<!-- wp:list -->\n<ul><!-- wp:list-item -->\n<li>\u6bcf\u6708 750 \u679a\u9583\u720d\u7684\u786c\u5e63 (Shimmering coins, \u7528\u4e8e\u8d2d\u4e70\u88c5\u9970\u7269\u54c1)\u3002<\/li>\n<!-- \/wp:list-item -->\n\n<!-- wp:list-item -->\n<li>\u512a\u5148\u7372\u53d6\u6700\u65b0\u6d88\u606f\u548c\u5e55\u5f8c\u8cc7\u8a0a\u7684\u8a2a\u554f\u6b0a\u3002<\/li>\n<!-- \/wp:list-item -->\n\n<!-- wp:list-item -->\n<li>\u8a2a\u554f\u50c5\u9650 Patreon \u7684 Discord \u983b\u9053\u3002<\/li>\n<!-- \/wp:list-item -->\n\n<!-- wp:list-item -->\n<li>\u512a\u5148\u8a2a\u554f\u672a\u4f86\u65b0\u5167\u5bb9\u7684\u6e2c\u8a66\u7248\u3002<\/li>\n<!-- \/wp:list-item -->\n\n<!-- wp:list-item -->\n<li>\u904a\u6232\u4e2d\u8a2a\u554f VIP \u8d0a\u52a9\u8005\u9152\u9928\u3002<\/li>\n<!-- \/wp:list-item -->\n\n<!-- wp:list-item -->\n<li>\u5c07\u60a8\u81ea\u5df1\u7684\u8996\u983b\u4e0a\u50b3\u5230\u5b98\u65b9 YouTube \u983b\u9053\u7684\u53ef\u80fd\u6027\uff08\u516c\u6703\u5ba3\u50b3\u3001\u6709\u8da3\u7684\u526a\u8f2f\u3001\u6559\u7a0b\u7b49\uff09\u3002<\/li>\n<!-- \/wp:list-item -->\n\n<!-- wp:list-item -->\n<li>\u904a\u6232\u7a31\u865f\uff08\u8d0a\u52a9\u8005\uff09\u53ef\u5728\u4e00\u500b\u89d2\u8272\u4e0a\u4f7f\u7528\u3002<\/li>\n<!-- \/wp:list-item -->\n\n<!-- wp:list-item -->\n<li>\u8a2a\u554f\u50c5\u9650 Patreon \u7684\u5404\u7a2e\u904a\u6232\u5167\u5bb9\u6c11\u610f\u8abf\u67e5\u3002<\/li>\n<!-- \/wp:list-item -->\n\n<!-- wp:list-item -->\n<li>\u6709\u9650\u5730\u5716\u7de8\u8f2f\u7684\u53ef\u80fd\u6027\uff08\u7531 GM \u76e3\u7763\uff09- \u5c07\u7a0d\u5f8c\u5411\u6709\u8208\u8da3\u7684\u8d0a\u52a9\u8005\u89e3\u91cb\u3002<\/li>\n<!-- \/wp:list-item --><\/ul>\n<!-- \/wp:list -->","_zh_post_name":"support-us","_zh_post_excerpt":"","_zh_post_title":"\u652f\u6301\u6211\u5011\uff01","edit_language":"en","footnotes":""},"class_list":["post-208","page","type-page","status-publish","hentry"],"_links":{"self":[{"href":"https:\/\/www.endor-revived.com\/en\/wp-json\/wp\/v2\/pages\/208","targetHints":{"allow":["GET"]}}],"collection":[{"href":"https:\/\/www.endor-revived.com\/en\/wp-json\/wp\/v2\/pages"}],"about":[{"href":"https:\/\/www.endor-revived.com\/en\/wp-json\/wp\/v2\/types\/page"}],"author":[{"embeddable":true,"href":"https:\/\/www.endor-revived.com\/en\/wp-json\/wp\/v2\/users\/1"}],"replies":[{"embeddable":true,"href":"https:\/\/www.endor-revived.com\/en\/wp-json\/wp\/v2\/comments?post=208"}],"version-history":[{"count":24,"href":"https:\/\/www.endor-revived.com\/en\/wp-json\/wp\/v2\/pages\/208\/revisions"}],"predecessor-version":[{"id":1020,"href":"https:\/\/www.endor-revived.com\/en\/wp-json\/wp\/v2\/pages\/208\/revisions\/1020"}],"wp:attachment":[{"href":"https:\/\/www.endor-revived.com\/en\/wp-json\/wp\/v2\/media?parent=208"}],"curies":[{"name":"wp","href":"https:\/\/api.w.org\/{rel}","templated":true}]}}